{"id":1280,"date":"2017-09-07T16:29:22","date_gmt":"2017-09-07T14:29:22","guid":{"rendered":"https:\/\/bacarisas.com\/qui-som\/"},"modified":"2022-04-28T16:35:21","modified_gmt":"2022-04-28T14:35:21","slug":"quienes-somos","status":"publish","type":"page","link":"https:\/\/bacarisas.com\/es\/quienes-somos\/","title":{"rendered":"Qui\u00e9nes somos"},"content":{"rendered":"[vc_row][vc_column][vc_column_text]Una empresa familiar con m\u00e1s de 270 a\u00f1os de experiencia en el sector del metal, dedicada a la venta de material de ferreter\u00eda, suministro industrial, menaje y todo tipo de art\u00edculos afines.<\/p>\n<p>Con un amplio stock de m\u00e1s de 40.000 referencias y casi 2.000 proveedores que nos permiten dar soluci\u00f3n a cualquier necesidad de nuestros clientes.<\/p>\n<p>Formamos parte del grupo <strong>Optimus Ferreter\u00edas<\/strong> y somos miembros del Gremio de <strong>Ferreter\u00eda de Catalu\u00f1a<\/strong>, as\u00ed como de la asociaci\u00f3n de comerciantes <strong>Fem Vila<\/strong> de Martorell.[\/vc_column_text][vc_tta_tabs][vc_tta_section title=\u00bbPremios y reconocimientos\u00bb tab_id=\u00bb1534434914626-48deb0fe-c952&#8243;][vc_row_inner][vc_column_inner width=\u00bb1\/2&#8243;][vc_column_text]<strong>2004<\/strong> &#8211; Generalitat de Catalu\u00f1a. Establecimiento Centenario<\/p>\n<p><strong>2006 <\/strong>\u2013 Ajuntament de Martorell. Homenage a las tiendas centenarias<\/p>\n<p><strong>2008<\/strong> &#8211; C\u00e1mara de Barcelona. D\u00eda de la C\u00e1mara. Galard\u00f3n por los 260 a\u00f1os de trayectoria<\/p>\n<p><strong>2015<\/strong> &#8211; Generalitat de Catalu\u00f1a. Premios Nacionales a los Establecimientos Centenarios. En reconocimiento a los 266 a\u00f1os de historia<\/p>\n<p><strong>2017<\/strong>&#8211; Baix Llobregat Nord. Premio Iniciativas Empresariales.<br \/>\nMejor Empresa Sector Comercio[\/vc_column_text][\/vc_column_inner][vc_column_inner width=\u00bb1\/2&#8243;][vc_single_image image=\u00bb885&#8243; img_size=\u00bbfull\u00bb alignment=\u00bbcenter\u00bb][\/vc_column_inner][\/vc_row_inner][vc_column_text]Nuestras instalaciones:<\/p>\n<p>Tienda, almacenes y parquing[\/vc_column_text][vc_row_inner][vc_column_inner width=\u00bb1\/2&#8243;][\/vc_column_inner][vc_column_inner width=\u00bb1\/2&#8243;][vc_single_image image=\u00bb1332&#8243; img_size=\u00bbfull\u00bb alignment=\u00bbcenter\u00bb][vc_single_image image=\u00bb2496&#8243; img_size=\u00bbfull\u00bb alignment=\u00bbcenter\u00bb][vc_single_image image=\u00bb2497&#8243; img_size=\u00bbfull\u00bb alignment=\u00bbcenter\u00bb][\/vc_column_inner][\/vc_row_inner][\/vc_tta_section][vc_tta_section title=\u00bbNuestra historia\u00bb tab_id=\u00bb1534434914735-38281f2a-acae\u00bb][vc_column_text]\n<blockquote><p>La historia de este establecimiento se remonta hacia el a\u00f1o 1748, cuando Miguel Esplugas y Crist\u00f3bal hac\u00eda de herrero en la calle de la Fuente (ahora Anselm Clav\u00e9) de Martorell, y pronto se le conocer\u00eda con el motivo de \u00abFerreret\u00bb. Durante el siglo XIX, en el taller se forjaron barandillas, rejas y otros elementos para vestir las fachadas de un Martorell en expansi\u00f3n, que viv\u00eda todav\u00eda mayoritariamente del campo, por lo que ven\u00edan herramientas para trabajarlo y tambi\u00e9n hac\u00edan norias, prensas y otras m\u00e1quinas para la elaboraci\u00f3n del vino&#8230; <a href=\"https:\/\/bacarisas.com\/es\/nuestra-historia\/\">leer m\u00e1s.<\/a><\/p><\/blockquote>\n[\/vc_column_text][\/vc_tta_section][vc_tta_section title=\u00bbV\u00eddeo corporativo\u00bb tab_id=\u00bb1534435254243-804d678a-c9a6&#8243;][vc_video link=\u00bbhttps:\/\/youtu.be\/P6dTFRPH8_o\u00bb el_width=\u00bb70&#8243; align=\u00bbcenter\u00bb][\/vc_tta_section][\/vc_tta_tabs][\/vc_column][\/vc_row]\n","protected":false},"excerpt":{"rendered":"<p>[vc_row][vc_column][vc_column_text]Una empresa familiar con m\u00e1s de 270 a\u00f1os de experiencia en el sector del metal, dedicada a la venta de material de ferreter\u00eda, suministro industrial, menaje y todo tipo de art\u00edculos afines. Con un amplio stock de m\u00e1s de 40.000 referencias y casi 2.000 proveedores que nos permiten dar soluci\u00f3n a cualquier necesidad de nuestros [&hellip;]<\/p>\n","protected":false},"author":1,"featured_media":0,"parent":0,"menu_order":0,"comment_status":"closed","ping_status":"closed","template":"","meta":{"footnotes":""},"class_list":["post-1280","page","type-page","status-publish","hentry"],"aioseo_notices":[],"_links":{"self":[{"href":"https:\/\/bacarisas.com\/es\/wp-json\/wp\/v2\/pages\/1280"}],"collection":[{"href":"https:\/\/bacarisas.com\/es\/wp-json\/wp\/v2\/pages"}],"about":[{"href":"https:\/\/bacarisas.com\/es\/wp-json\/wp\/v2\/types\/page"}],"author":[{"embeddable":true,"href":"https:\/\/bacarisas.com\/es\/wp-json\/wp\/v2\/users\/1"}],"replies":[{"embeddable":true,"href":"https:\/\/bacarisas.com\/es\/wp-json\/wp\/v2\/comments?post=1280"}],"version-history":[{"count":18,"href":"https:\/\/bacarisas.com\/es\/wp-json\/wp\/v2\/pages\/1280\/revisions"}],"predecessor-version":[{"id":2499,"href":"https:\/\/bacarisas.com\/es\/wp-json\/wp\/v2\/pages\/1280\/revisions\/2499"}],"wp:attachment":[{"href":"https:\/\/bacarisas.com\/es\/wp-json\/wp\/v2\/media?parent=1280"}],"curies":[{"name":"wp","href":"https:\/\/api.w.org\/{rel}","templated":true}]}}