{"id":1272,"date":"2018-08-16T11:29:03","date_gmt":"2018-08-16T09:29:03","guid":{"rendered":"https:\/\/bacarisas.com\/productes\/"},"modified":"2019-05-21T19:23:38","modified_gmt":"2019-05-21T17:23:38","slug":"productos","status":"publish","type":"page","link":"https:\/\/bacarisas.com\/es\/productos\/","title":{"rendered":"Productos"},"content":{"rendered":"[vc_row][vc_column][vc_tta_accordion c_position=\u00bbright\u00bb active_section=\u00bb1&#8243;][vc_tta_section title=\u00bbFERRETERIA Y SUMINISTROS INDUSTRIALES Automoci\u00f3n, mec\u00e1nica, cerrajer\u00eda, carpinter\u00eda, lampister\u00eda, electricidad\u00bb tab_id=\u00bb1550349915470-102555d7-7a04&#8243;][vc_single_image image=\u00bb1376&#8243; img_size=\u00bbfull\u00bb alignment=\u00bbcenter\u00bb][vc_column_text]\n<ul>\n<li><strong>ABRASIVOS:\u00a0<\/strong>Discos, telas, bandas, limas, limatones, cepillos (lat\u00f3n, inox, hierro, pl\u00e1stico, pelo), lana acero, lija, tela esmeril, papel de agua, almohazas<\/li>\n<li><strong><strong>AFILADO:\u00a0<\/strong><\/strong>amoladoras, piedras, discos, afiladores<\/li>\n<li><strong>BUZONES y n\u00fameros para fachada:<\/strong> de interior, exterior, para comunidades, publicidad, bocacartas, recogedores de cartas, cerraduras para buzones<\/li>\n<li><strong>CADENAS <\/strong>de bolas, galvanizada, inox, decorativa, antirrobo y <strong>CANDADOS<\/strong> para puerta de cristal, para puerta de persiana, de combinaci\u00f3n, de llaves iguales<\/li>\n<li><strong>CABLE:<\/strong>(acero, galvanizado, forrado), cortacables, tensores, bridas, sujetacables, grilletes y c\u00e1ncamos de carga<\/li>\n<li><strong>CERRAJER\u00edA<\/strong>: Cerraduras de todo tipo, bombillos, bocallaves, escuadras, placas, pomos, manubrios, herrajes (bisagras, bisagras de piano, pernios, cremonas, pasadores, cerrojos ,tiradores , cierres , gu\u00edas de caj\u00f3n,\u2026<\/li>\n<li><strong>COMPRESORES, BOMBAS INCHAR<\/strong>: manuales, el\u00e9ctricas, accesorios (man\u00f3metros,\u2026)<\/li>\n<li><strong>CONTERAS y FIELTROS:\u00a0<\/strong>deslizantes para sillas, mesas, tubos, gotas de silicona,<strong>TOPES<\/strong> para puerta (madera, pl\u00e1stico, inox, lat\u00f3n, metacrilato, adhesivos y atornillados)<\/li>\n<li><strong>CORTE:<\/strong> Brocas, machos y cojinetes, discos, herramientas de torno, gubias, formones, cepillos de carpintero, punzones, sierras, arcos, hojas, sierras de marqueter\u00eda, tijeras (oficina-papel,costura, modista, tela, dentadas, bordar, manicura, peluquer\u00eda,electricista, precisi\u00f3n, profesionales, infantiles), navajas, cutters, hojas recambio, cortacristales,&#8230;<\/li>\n<li><strong>CORREAS:\u00a0<\/strong>trapezoidales, de cuero,\u2026<strong>CUERDAS y ESLINGAS :<\/strong> cuerdas, cordeles, cordones, cintas de persiana, eslingas, trinquetes, pulpos , mosquetones\u2026<br \/>\n<strong>FRENOS<\/strong> y retenedores, topes para puerta, cu\u00f1as<\/li>\n<li><strong>GUIAS<\/strong> de puerta corredera y de caj\u00f3n, <strong>BARRAS DE CORTINA y ACCESORIOS<\/strong>. Galer\u00edas, barras de armario, de visillo y anillas<\/li>\n<li><strong>HERRAMIENTA MANUAL:\u00a0<\/strong>Alicates, destornilladores, extractores de esp\u00e1rragos, martillos, barrenas, mangos de madera, sierras, hojas de sierra (de mano, de m\u00e1quina y circulares) , sierras de marqueter\u00eda, corta-cristales, llaves, llaves ajustables, llaves de tubo, llaves de vaso, vasos, carracas, tenazas, pico loro, llaves stillson , cortatubos, remachadoras , \u2026sacabocados, herramientas aisladas, palas, paletas, paletines, llanas y talochas, mazas, macetas , juegos, maletines y estuches<\/li>\n<li><strong>HERRAMIENTA EL\u00c9CTRICA:<\/strong> Taladros, percutores, atornilladores, amoladoras, sierras, pistolas de aire caliente, lijadoras, soldadores, l\u00e1pices grabadores,\u2026<\/li>\n<li><strong>Accesorios:<\/strong> portabrocas, brocas, coronas, discos, hojas de sierra, cepillos y abrasivos, lijas, recogepolvo para taladros, escobillas<\/li>\n<li><strong>ILUMINACI\u00d3N y MATERIAL EL\u00c9CTRICO:<\/strong> Bombillas, fluorescentes, bases,adaptadores , cable, enrollacables, alargos, linternas y pilas (alcalinas, litio, salinas, recargables, bot\u00f3n). Apliques, l\u00e1mparas, focos, port\u00e1tiles,adaptadores para viaje, regletas, pasacables, detectores, generadores, luces de paso, sensores<\/li>\n<li><strong>IMANES:\u00a0<\/strong>neodimio, ferrita, cierre, tiras, l\u00e1minas<\/li>\n<li><strong>LUBRICANTES:\u00a0<\/strong>Aceites, aceiteras y siliconas, industriales y dom\u00e9sticos, polvo grafito, aceite de motosierra (motores y cadenas), grasas, bombas engrasar y valvulina, engrasadores (presi\u00f3n, rectos , acodados y Stauffer)<\/li>\n<li><strong>MEDICI\u00d3N:<\/strong> flex\u00f3metros, cintas m\u00e9tricas, metros de carpintero, medidores l\u00e1ser, calibres, galgas (de grosores, de roscas, de radios), palmers, cuentagolpes, escuadras, niveles, plomadas, reglas,lupas, cuentahilos, l\u00e1minas de grosores, pinzas precisi\u00f3n, tiral\u00edneas, romanas, pesos, jarras graduadas, libradores,\u2026B\u00e1sculas y pesos<\/li>\n<li><strong>MUELLES:\u00a0<\/strong>abiertos, cerrados de manubrio,\u2026<\/li>\n<li><strong>ORGANIZACI\u00d3N TALLER:<\/strong>Mobiliario, paneles, cajas, maletines, bancos de trabajo, carros, cajones y cubetas, bancos de vestuario, taquillas<\/li>\n<li><strong>PAVIMENTOS y ALFOMBRAS:\u00a0<\/strong>En placas, confeccionados y a metros. Coco, moqueta, caucho, planchas de goma (normal y sint\u00e9tica)lisas y grabadas, esponjosa, de puntas y de c\u00edrculos<\/li>\n<li><strong>PL\u00c1STICO TRANSPARENTE<\/strong> (a metros), <strong>PLACA TIPO URALITA<\/strong> (lisa y ondulada) y<strong>\u00a0FILM RETR\u00c1CTIL<\/strong><\/li>\n<li><strong>PROTECCI\u00d3N y VESTUARIO LABORAL<\/strong>:<\/li>\n<li>Protecci\u00f3n facial: Ocular (gafas, cordones), auditiva (tapones, auriculares), respiratoria (mascarillas), cascos, pantallas (de cabeza, frontales, electr\u00f3nicas)<br \/>\nProtecci\u00f3n corporal: Camisas, pantalones, chalecos, chaquetas, impermeables, buzos, rodilleras, mu\u00f1equeras, fajas, arneses<\/li>\n<li>Protecci\u00f3n pies: Calzado de seguridad (zapatos, botas, botas de agua) , calcetines, plantillas, cordones<\/li>\n<li>Protecci\u00f3n manos: Guantes anti\u00e1cido, soldador, piel, algod\u00f3n, mixtos , anti-corte , lates, un solo uso,\u2026<\/li>\n<li><strong>RUEDAS:<\/strong> fijas, giratorias, impinchables, de goma, de nyl\u00f3n, para sillas, muebles, m\u00e1quinas, carretillas,\u2026 Soportes rodantes para neveras, cocinas, bombonas de butano<\/li>\n<li><strong>SE\u00d1ALIZACI\u00d3N:<\/strong> Advertencia, peligro, informaci\u00f3n, espejos, cintas marcadoras, antideslizantes, balizas, conos, luces, parking (rotulaci\u00f3n, marcaje y protectores<\/li>\n<li><strong>SOLDADURA y GASES: <\/strong>Equipos de soldadura, sopletes, electrodos, esta\u00f1o, decapante, pasta, protecci\u00f3n personal, mantas ign\u00edfugas,\u2026 gases en envases desechables, camping gas, ox\u00edgeno, acetileno<\/li>\n<li><strong>SUJECI\u00d3N:\u00a0<\/strong>Abrazaderas (pl\u00e1stico, galvanizadas, inox), cinta perforada, cintas adhesivas y vulcanizables,\u00a0 sargentos, tornillos de banco, mordazas, pinzas presi\u00f3n, mosquetones, tensores, anillas, anillas de llavero, grapadoras, grapas, flejadoras, fleje,\u2026Hembrillas, alcayatas, grampillones, gabarrotes, puntas,\u2026Agujas para coser sacos,&#8230; Hojetes , tachuelas, chinchetas, tachas de cielo raso.<\/li>\n<li><strong>TORNILLER\u00cdA:<\/strong> Todo tipo de tornillos, arandelas, tuercas en pasos normales y especiales; tacos (pl\u00e1stico, met\u00e1licos, qu\u00edmicos), varillas roscadas (diferentes calidades y materiales), manguitos,\u2026 Extractores mec\u00e1nicos, machos y cojinetes, giramachos y portacoginetes<\/li>\n<li><strong>TREFILERIA y ALAMBRE:<\/strong> Galvanizado, inox, recocido, plastificado, aluminio (colores), cobre, espino. Mallas galvanizadas, pl\u00e1stico e inox,<br \/>\n<strong>ENREJADOS y MOSQUITERAS<\/strong> (telas)<\/li>\n<li><strong>VARIOS:<\/strong> Fieltros deslizantes, velcro, bolas porex, embudos, rejillas de ventilaci\u00f3n, desag\u00fces, sumideros, cascabeles, campanitas y silbatos, compresores, aspiradores, sacos de rafia-runa, lupas, caballetes, botas vino, rotuladores y marcadores permanentes, l\u00e1pices de carpintero, l\u00e1piz grabador, sal para descalcificadores y cartuchos para osmosis, barras de nyl\u00f3n , bronce y lat\u00f3n, embudos (de 4 a 35 cms de di\u00e1metro)<\/li>\n<\/ul>\n[\/vc_column_text][\/vc_tta_section][vc_tta_section title=\u00bbEMBALAJE, TRANSPORTE Y ALMACENAMIENTO \u00bb tab_id=\u00bb1550350282395-7bbe3671-db98&#8243;][vc_single_image image=\u00bb1372&#8243; img_size=\u00bbfull\u00bb alignment=\u00bbcenter\u00bb][vc_column_text]\n<ul>\n<li><strong>EMBALAR:<\/strong> Bolsas de pl\u00e1stico (transparentes, camiseta, cierre), pl\u00e1stico burbujas, cajas cart\u00f3n, cart\u00f3n ondulado, precinto, papel de embalar, film retr\u00e1ctil, grapas, fleje, flejadoras, desencofradoras<\/li>\n<li><strong>ELEVACI\u00d3N:<\/strong>\u00a0Poleas, corriolas, tr\u00f3colas<\/li>\n<li><strong>ESCALERAS<\/strong> industriales y dom\u00e9sticas: Tijera, extensibles, cocina, aluminio, madera, fibra, taburetes<\/li>\n<li><strong>CONTENEDORES para todo:<\/strong>\n<ul>\n<li>Bidones, garrafas, botes pl\u00e1stico (alimentarios) (de 1.05 a 220lit), bidones y regaderas gasoil<br \/>\nCajas, cubetas m\u00f3dulos cajones<\/li>\n<li>Verduleros, botelleros, cuberteros y clasificadores, parag\u00fceros<\/li>\n<li>Muebles ba\u00f1o, zapateros<\/li>\n<li>Mobiliario taller: armarios, carros y paneles, bancos trabajo, herramientas, taquillas, bancos vestuario<\/li>\n<li>Estanter\u00edas en kit y modulares, caballetes (madera y metal)<\/li>\n<li>Armarios llaves, armarios llave emergencia<\/li>\n<li>Cajas fuertes: empotrar, superficie, de mano, ign\u00edfugas<\/li>\n<\/ul>\n<\/li>\n<li><strong>RECICLAJE:<\/strong> Cubos, contenedores, bolsas, industriales y dom\u00e9sticos, papeleras<\/li>\n<li><strong>TRANSPORTE:<\/strong> Carretillas de plataforma, jard\u00edn, paleta, plegables<\/li>\n<\/ul>\n[\/vc_column_text][\/vc_tta_section][vc_tta_section title=\u00bbADHESIVOS Y SILICONAS\u00bb tab_id=\u00bb1550350119439-59ad6b70-524d\u00bb][vc_single_image image=\u00bb1368&#8243; img_size=\u00bbfull\u00bb alignment=\u00bbcenter\u00bb][vc_column_text]\n<ul>\n<li><strong>ADHESIVOS<\/strong> generales y espec\u00edficos: cianocrilatos, resinas epoxi, bicomponentes, aerosoles, colas de contacto, termoencoladoras, barras de cola termofusible<\/li>\n<li><strong>CINTAS<\/strong> aislantes, de doble cara, antideslizantes, americana, aluminio, se\u00f1alizaci\u00f3n, vulcanizables<\/li>\n<li><strong>LIMPIADORES<\/strong> de cianocrilato, de espuma poliuretano, de silicona, de adhesivos<\/li>\n<li><strong>SILICONAS<\/strong>, masillas y espuma poliuretano<\/li>\n<\/ul>\n[\/vc_column_text][\/vc_tta_section][vc_tta_section title=\u00bbMENAJE\u00bb tab_id=\u00bb1550350178121-2ca25f71-11e5&#8243;][vc_single_image image=\u00bb1374&#8243; img_size=\u00bbfull\u00bb alignment=\u00bbcenter\u00bb][vc_column_text]\n<ul>\n<li><strong>ALMACENAMIENTO y CONSERVACI\u00f3N:<\/strong> Tarros, herm\u00e9ticos, cubetas, cuberteros, escurreplatos de sobremesa y para mueble (inox, pl\u00e1stico, plegables\u2026esterillas), estropajeros, bolsas vac\u00edo, sarteneros y separadores, cajas para pan<\/li>\n<li><strong>BEBIDAS:<\/strong> Caf\u00e9 (cafeteras, gomas, platillos, embudos y filtros papel, tazas, mugs, lecheras, azucareros, piezas servir, mini batidores capuccino ) ; infusiones (teteras, filtros, tazas, botes para t\u00e9); vino y cava (sacacorchos, term\u00f3metros, antigotas, tapones, copas, enfriadores, identificadores de copas, porrones), c\u00f3cteles (copas, picadoras hielo, cubiteras, posavasos, cucharas gin-tonic, medidores, cocteleras, mazas hielo,\u2026)<\/li>\n<li><strong>COCINA:<\/strong> Bater\u00eda, sartenes, paelleras, rustideras, planchas, grills, tapas, giratortillas, ollas a presi\u00f3n (gomas)<\/li>\n<li><strong>CUBERTER\u00cdA y CUCHILLER\u00cdA:<\/strong> Cuchillos, hachas, afiladores, tijeras, barras magn\u00e9ticas, barras y ganchos inox, cucharas, cuchillos mesa, chuleteros, cuchillos untar, cubiertos infantiles<\/li>\n<li><strong>HOSTELER\u00cdA Y PROFESIONAL: <\/strong>Menaje de cocina, pae y mesa<\/li>\n<li><strong>MESA:<\/strong> Vajilla (juegos y platos sueltos), vasos, copas, tazas, jarras, cubiertos, piezas de servir, bandejas, recogemigas, vajilla infantil, manteles y servilletas papel, argollas y portaservilletas, paneras<\/li>\n<li><strong>MUEBLE AUXILIAR:<\/strong> Verduleros, botelleros. Taburetes, escaleras, mesas camareras<\/li>\n<li><strong>OTROS:<\/strong> Extractores de humos, filtros campana (papel, espuma), difusor fuego, jarras filtrar agua, dispensador agua, delantales, secamanos, pa\u00f1os, agarradores y manoplas, portarrollos cocina, alfombras y relojes de cocina<\/li>\n<li><strong>PAE COCINA:<\/strong> Batidoras, tostadores, exprimidores, yogurteras, sandvicheras, molinillos caf\u00e9, cafeteras, freidoras,paellera, planchas,balanzas, vaporeras, gofreras, hervidores, palomiteros, creperas, envasadoras al vac\u00edo, cortafiambres,<\/li>\n<li><strong>PEQUE\u00d1O ACCESORIO: <\/strong>Aceiteras, pinzas (carne, hielo, pastas, servir, espagueti, horno), esp\u00e1tulas, porcionador de helados, vaciador de bolas, prensaajos, ralladores, escurridores, coladores (inox, chino, pl\u00e1stico), embudos, abrelatas, tijeras, salvamanteles, batidores, utensilios de madera, ralladores (verticales, planos de manecilla, de hierbas, de nuez moscada, mandolinas y laminadores), pala pasteles, pala canelones, cascanueces, ropemariscos<\/li>\n<li><strong>REPOSTER\u00cdA:<\/strong> Moldes (pastel, muffins, bombones, turr\u00f3n, pan,\u2026)(silicona, metal antiadherente,Pyrex, desechables), cortadores galletas (b\u00e1sicos, Navidad, Pasqua,Halloween,\u2026), separador claras, term\u00f3metros y accesorios (pinceles, batidores, esp\u00e1tulas, pinzas\u2026), presentaci\u00f3n (bandejas, blondas papel, bases, cajas,pasteleras), rodillos (lisos, de cortar y de decorar), papel (horno, aluminio film, silicona), flaneras, sopletes<\/li>\n<li><strong>UTENSILIOS PREPARACI\u00d3N ALIMENTOS:<\/strong> Sacapuntas vegetales, cortador espagueti vegetal, vaciador, descorazonador, cortador pi\u00f1a, cortador mel\u00f3n, cortador patatas, picadora verduras, picadora carne, centrifugadora ensalada, bolsa malla legumbres, tubo malla carne, hilo cocci\u00f3n\u2026<\/li>\n<li><strong>TRANSPORTE ALIMENTOS:<\/strong> Carros compra, cestos compra y setas, bolsas pan, herm\u00e9ticos, bolsas portaalimentos, termos, botellas, portabocadilllos, portatortillas, hueveras<\/li>\n<\/ul>\n[\/vc_column_text][\/vc_tta_section][vc_tta_section title=\u00bbHOGAR\u00bb tab_id=\u00bb1550350202075-f9ffd104-513d\u00bb][vc_single_image image=\u00bb1373&#8243; img_size=\u00bbfull\u00bb alignment=\u00bbcenter\u00bb][vc_column_text]\n<ul>\n<li><strong>BA\u00d1O:<\/strong> Accesorios murales (toalleros, portarrollos, jaboneras, estantes) y sobremesa, cortinas, seguridad (alfombras, antideslizantes, asas y agarradores, taburetes\u2026), tapas y descargas wc, filtros y tapones de goma, bidets pl\u00e1stico, ba\u00f1erasinfantiles, orinales (infantiles, botella, cu\u00f1a), espejos, espejos de aumento, extractores<\/li>\n<li><strong>COLGADORES<\/strong> tornillo, adhesivos<\/li>\n<li><strong>CORTINAS y PERSIANAS<\/strong>. Mosquiteras (tela), enrollables, pl\u00e1stico y madera. Cintas, cuerdas y accesorios (recogedores, topes)<\/li>\n<li><strong>CUBOS<\/strong>, cubos agua, fregar, cubetas,contenedores, barre\u00f1os, cestas. Bolsas basura<\/li>\n<li><strong>CUIDADO DE LA ROPA:<\/strong> Perchas, colgadores, barras de armario, saxos, pantaloneros y corbateros, tendederos (murales, barandilla, plegables, radiador), pinzas tender, tablas planchar, soportes murales, planchamangas. Planchas, fundas (tabla planchar, lavadora, bolsas malla lavadora, traje), tubos lavadora, cepillos, cestas, cajas<\/li>\n<li><strong>EXTRACTORES<\/strong> cocina y ba\u00f1o<\/li>\n<li><strong>GRIFER\u00edA<\/strong> cocina, ba\u00f1o, jard\u00edn, lavadora, paso, latiguillos, atomizadores, sifones, desag\u00fces, sumideros, morriones, tapones, tefl\u00f3n, estopada<\/li>\n<li><strong>PAE HOGAR y CUIDADO PERSONAL:<\/strong> Aspiradoras, (y bolsas) planchas, secadores, cepillos dentales, afeitadoras, cortapelo, depiladoras, cortau\u00f1as\u2026<\/li>\n<li><strong>RELOJES:<\/strong> Pared (murales, digitales y anal\u00f3gicos) (cocina, oficina, industria), temporizadores, despertadores, radio-despertadores<\/li>\n<li><strong>SEGURIDAD:<\/strong> Anti robo (timbres, mirillas, detectores, seguros, peque\u00f1as alarmas, \u2026), protectores infantiles<\/li>\n<li><strong>SOPORTES<\/strong> para bicicleta, ganchos, cocinas, microondas, pantallas, portaestantes, butano, placas, escuadras, colgadores<\/li>\n<\/ul>\n[\/vc_column_text][\/vc_tta_section][vc_tta_section title=\u00bbAIRE LIBRE: Jard\u00edn, Campo, Camping\u00bb tab_id=\u00bb1550350238020-f6039c13-d6e0&#8243;][vc_single_image image=\u00bb1369&#8243; img_size=\u00bbfull\u00bb alignment=\u00bbcenter\u00bb][vc_column_text]\n<ul>\n<li><strong>BARBACOAS<\/strong>, parrillas, paelleros, paelleras, accesorios y complementos<\/li>\n<li><strong>CAPAZOS<\/strong>, contenedores, bolsas, escobas y recogedores<\/li>\n<li><strong>CORTE y PODA:<\/strong> Tijeras de podar y recolectar uvas, serruchos, cortasetos<\/li>\n<li><strong>FITOSANITARIOS:<\/strong> Fertilizantes y antiplagas<\/li>\n<li><strong>HERRAMIENTAS VARIAS PARA CAMPO y JARD\u00cdN:<\/strong> Azadas, palas, rastrillos, peines, guada\u00f1as, horca, hoz, hachas, cu\u00f1as, mazas le\u00f1a, mangos madera<\/li>\n<li><strong>MAQUINARIA:<\/strong> Motosierras (cadenas y aceite), cortacesped, recortasetos, recortabordes, desbrozadoras (carretes e hilo), hidrolimpiadoras\u2026<\/li>\n<li><strong>MOBILIARIO:<\/strong> Ba\u00fales, mesas, sillas, tumbonas, fundas y complementos<\/li>\n<li><strong>PISCINA:<\/strong> Productos para mantenimento y accesorios (duchas,\u2026.), sal<\/li>\n<li><strong>PLANTAS:<\/strong> Tierra, macetas, platos, jardineras, soportes<\/li>\n<li><strong>PULVERIZADORES y SULFATADORAS<\/strong><\/li>\n<li><strong>RIEGO:<\/strong> Bombas, grifos,mangueras, lanzas, pistolas riego y accesorios, cintas reparadoras, regaderas, programadores,aspersores\u2026<\/li>\n<li><strong>VALLAS y TOLDOS:<\/strong> ca\u00f1izos, mallas (ocultaci\u00f3n, sombreadoras, antip\u00e1jaros) cesped artificial, postes, enrejados, alambre<\/li>\n<li><strong>VARIOS CAMPING:<\/strong> Hornillos gas y el\u00e9ctricos, l\u00e1mparas, neveras, fiambreras, cantimploras, vajilla, cubiertos, vasos plegables<\/li>\n<\/ul>\n[\/vc_column_text][\/vc_tta_section][vc_tta_section title=\u00bbDROGUER\u00cdA Y LIMPIEZA\u00bb tab_id=\u00bb1550350021409-59b5b9a4-0e07&#8243;][vc_single_image image=\u00bb1371&#8243; img_size=\u00bbfull\u00bb alignment=\u00bbcenter\u00bb][vc_column_text]\n<ul>\n<li><strong>ABSORVENTES<\/strong> (serr\u00edn, sepiolita)<\/li>\n<li><strong>AMBIENTADORES<\/strong> (ecol\u00f3gicos), neutralizadores<\/li>\n<li><strong>BOLSAS PARA BASURA\u00a0<\/strong>(gran variedad de tama\u00f1os, calidades y colores)<\/li>\n<li><strong>CUBOS<\/strong>, barre\u00f1os, contenedores,<\/li>\n<li><strong>DESATASCADORES<\/strong> (l\u00edquidos, ventosa, muelle)<\/li>\n<li><strong>ESPONJAS<\/strong>, estropajos (piezas y rollos), lanas acero<\/li>\n<li><strong>INSECTICIDAS<\/strong>, raticidas, repelentes y aparatos exterminadores de plagas<\/li>\n<li><strong>PAPEL:<\/strong> Wc, celulosa, industrial<\/li>\n<li><strong>PRODUCTOS:<\/strong> Limpiacristales, jabones, detergentes, lej\u00eda, amon\u00edaco, alchohol, desinfectantes, limpiametales, ceras, bet\u00fan de judea, productos espec\u00edficos (b\u00f3rax, sosa c\u00e1ustica\u2026)<\/li>\n<li><strong>\u00daTILES DE LIMPIEZA:<\/strong> Escobas, recogedores, cepillos (quitapelusas, platos, vasos, ropa, zapatos, limpiatubos, radiadores), limpiacristales, cielitos, plumeros, mopas, bayetas, haraganes, trapos y cabos (bolsas y fardos), rasquetas, esp\u00e1tulas quitahielo<\/li>\n<\/ul>\n[\/vc_column_text][\/vc_tta_section][vc_tta_section title=\u00bbPINTURA\u00bb tab_id=\u00bb1550349915620-389d729a-a75f\u00bb][vc_single_image image=\u00bb1375&#8243; img_size=\u00bbfull\u00bb alignment=\u00bbcenter\u00bb][vc_column_text]\n<ul>\n<li><strong>ACCESORIOS:<\/strong> Rodillos, varillas, espumas, esponjas,mezcladores, alargos, cubetas, pinceles, paletinas, brochas, esp\u00e1tulas, cola de empapelar, pistolas de pintar<\/li>\n<li><strong>BARNICES<\/strong>, aceites para madera (teka), aceite de linaza<\/li>\n<li><strong>DISOLVENTES<\/strong>, decapantes,<\/li>\n<li><strong>MASILLAS: <\/strong>Aguaplast, yeso, escayola, cemento, mortero<\/li>\n<li><strong>PINTURA<\/strong> en espray, marcadores, acr\u00edlica, esmaltes, colorantes, selladoras,<\/li>\n<li><strong>PROTECCI\u00d3N:<\/strong> Guantes, mascarillas, cart\u00f3n ondulado, pl\u00e1sticos, cintas de enmascarar, buzos desechables<\/li>\n<\/ul>\n[\/vc_column_text][\/vc_tta_section][vc_tta_section title=\u00bbCLIMATIZACI\u00d3N\u00bb tab_id=\u00bb1550350121691-e93eb2ca-3e77&#8243;][vc_single_image image=\u00bb1370&#8243; img_size=\u00bbfull\u00bb alignment=\u00bbcenter\u00bb][vc_column_text]\n<ul>\n<li><strong>ACCESORIOS<\/strong> (tuber\u00eda) y complementos (herramientas,le\u00f1eros, sopladores&#8230;), limpiacristales, regaderas de gasoil, programadores y termostatos<\/li>\n<li><strong>AISLAMIENTO:<\/strong> Placas reflectoras y aislantes para puertas (burletes), ventanas, tubos<\/li>\n<li><strong>APARATOS DE MEDICI\u00d3N METEOROL\u00d3GICA:<\/strong> Term\u00f3metros (m\u00e1xima y m\u00ednima, congelador, anal\u00f3gicos y digitales), pluvi\u00f3metros, higr\u00f3metros, estaciones metereol\u00f3gicas<\/li>\n<li><strong>CALOR DIRECTO:<\/strong> Esterillas y mantas el\u00e9ctricas, calientacamas, bolsas agua caliente<\/li>\n<li><strong>DESHOLLINAR:<\/strong> Deshollinadores (cepillos limpiatubos y limpiaradiadores)(desatascadoresqu\u00edmicos), aspiradores para ceniza<\/li>\n<li><strong>ESTUFAS<\/strong> de le\u00f1a, pellet<\/li>\n<li><strong>ESTUFAS ELECTRICAS:<\/strong> calefactores, convectores, radiadores aceite y eco\u2026<\/li>\n<li><strong>HUMIDIFICADORES<\/strong> y deshumidificadores, purificadores aire<\/li>\n<li><strong>VENTILADORES<\/strong> de suelo, sobremesa, murales, de techo, esplits<\/li>\n<\/ul>\n[\/vc_column_text][\/vc_tta_section][\/vc_tta_accordion][vc_zigzag][vc_media_grid style=\u00bblazy\u00bb items_per_page=\u00bb6&#8243; element_width=\u00bb2&#8243; grid_id=\u00bbvc_gid:1558459267942-febf6867-f74d-10&#8243; include=\u00bb1130,1129,1128,1127,1126,1125,1124,1123,1122,1121,1120,1119,1118,1117,1116,1115,1114,1112,1111,1110,1109,1691,1845,1844&#8243;][vc_media_grid style=\u00bblazy\u00bb items_per_page=\u00bb6&#8243; element_width=\u00bb2&#8243; grid_id=\u00bbvc_gid:1558459267944-db31c730-6e7c-10&#8243; include=\u00bb1839,1838,1837,1836,1835,1834,1833,1832,1831,1830,1829,1828,1827,1826,1825,1799,1796,1794,1792,1791,1779,1842,1843,1841&#8243;][\/vc_column][\/vc_row][vc_row][vc_column][vc_media_grid style=\u00bblazy\u00bb items_per_page=\u00bb6&#8243; element_width=\u00bb2&#8243; grid_id=\u00bbvc_gid:1558459267945-902bea1c-9599-3&#8243; include=\u00bb1973,1972,1971,1911,1910,1909,1908,1903,1902,1901,1900,1899,1898,1897,1896,1895,1894,1893,1892,1867,1778,1847,1846,1840&#8243;][vc_media_grid style=\u00bblazy\u00bb items_per_page=\u00bb6&#8243; element_width=\u00bb2&#8243; grid_id=\u00bbvc_gid:1558459267946-f5ad82a0-fbe2-2&#8243; include=\u00bb1866,1865,1864,1863,1862,1860,1859,1858,1857,1856,1850,1849,1848,1967&#8243;][\/vc_column][\/vc_row]\n","protected":false},"excerpt":{"rendered":"<p>[vc_row][vc_column][vc_tta_accordion c_position=\u00bbright\u00bb active_section=\u00bb1&#8243;][vc_tta_section title=\u00bbFERRETERIA Y SUMINISTROS INDUSTRIALES Automoci\u00f3n, mec\u00e1nica, cerrajer\u00eda, carpinter\u00eda, lampister\u00eda, electricidad\u00bb tab_id=\u00bb1550349915470-102555d7-7a04&#8243;][vc_single_image image=\u00bb1376&#8243; img_size=\u00bbfull\u00bb alignment=\u00bbcenter\u00bb][vc_column_text] ABRASIVOS:\u00a0Discos, telas, bandas, limas, limatones, cepillos (lat\u00f3n, inox, hierro, pl\u00e1stico, pelo), lana acero, lija, tela esmeril, papel de agua, almohazas AFILADO:\u00a0amoladoras, piedras, discos, afiladores BUZONES y n\u00fameros para fachada: de interior, exterior, para comunidades, publicidad, bocacartas, recogedores de [&hellip;]<\/p>\n","protected":false},"author":1,"featured_media":0,"parent":0,"menu_order":0,"comment_status":"closed","ping_status":"closed","template":"","meta":{"footnotes":""},"class_list":["post-1272","page","type-page","status-publish","hentry"],"aioseo_notices":[],"_links":{"self":[{"href":"https:\/\/bacarisas.com\/es\/wp-json\/wp\/v2\/pages\/1272"}],"collection":[{"href":"https:\/\/bacarisas.com\/es\/wp-json\/wp\/v2\/pages"}],"about":[{"href":"https:\/\/bacarisas.com\/es\/wp-json\/wp\/v2\/types\/page"}],"author":[{"embeddable":true,"href":"https:\/\/bacarisas.com\/es\/wp-json\/wp\/v2\/users\/1"}],"replies":[{"embeddable":true,"href":"https:\/\/bacarisas.com\/es\/wp-json\/wp\/v2\/comments?post=1272"}],"version-history":[{"count":34,"href":"https:\/\/bacarisas.com\/es\/wp-json\/wp\/v2\/pages\/1272\/revisions"}],"predecessor-version":[{"id":1983,"href":"https:\/\/bacarisas.com\/es\/wp-json\/wp\/v2\/pages\/1272\/revisions\/1983"}],"wp:attachment":[{"href":"https:\/\/bacarisas.com\/es\/wp-json\/wp\/v2\/media?parent=1272"}],"curies":[{"name":"wp","href":"https:\/\/api.w.org\/{rel}","templated":true}]}}