{"id":1270,"date":"2018-10-08T20:55:54","date_gmt":"2018-10-08T18:55:54","guid":{"rendered":"https:\/\/bacarisas.com\/politica-de-privacitat\/"},"modified":"2019-05-05T19:13:32","modified_gmt":"2019-05-05T17:13:32","slug":"politica-de-privacidad","status":"publish","type":"page","link":"https:\/\/bacarisas.com\/es\/politica-de-privacidad\/","title":{"rendered":"Pol\u00edtica de privacidad"},"content":{"rendered":"[vc_row][vc_column][vc_column_text css=\u00bb.vc_custom_1557076419567{padding-right: 15px !important;padding-left: 15px !important;}\u00bb]\n<p style=\"text-align: justify;\">De conformidad con la normativa vigente sobre protecci\u00f3n de datos de car\u00e1cter personal, les informamos que los datos que nos facilite ser\u00e1n recogidos en un fichero propiedad de Ferreter\u00eda BACARISAS, sl con CIF B61001178 domicilio en C \/ Anselm Clav\u00e9, 30 de 08760 Martorell y e mail bacarisas@optimusferreteria.com, con el fin de efectuar la gesti\u00f3n de clientes, gesti\u00f3n contable, fiscal y administrativa, as\u00ed como publicidad y prospecci\u00f3n comercial. El tiempo de conservaci\u00f3n de sus datos ser\u00e1 el que marquen las leyes fiscales vigentes. De sus datos no se har\u00e1 ninguna cesi\u00f3n a terceros. Tiene derecho a la rectificaci\u00f3n, oposici\u00f3n, cancelaci\u00f3n y acceso a sus datos as\u00ed como el derecho de supresi\u00f3n, de transparencia, de limitaci\u00f3n y de portabilidad. Para cualquier modificaci\u00f3n nos lo comunica para proceder a su correcci\u00f3n. Podr\u00e1 ejercer estos derechos de manera gratuita en nuestra direcci\u00f3n fiscal o e-mail mencionados y tambi\u00e9n puede dirigirse a la Agencia Espa\u00f1ola de Protecci\u00f3n de Datos.<\/p>\n[\/vc_column_text][\/vc_column][\/vc_row]\n","protected":false},"excerpt":{"rendered":"<p>[vc_row][vc_column][vc_column_text css=\u00bb.vc_custom_1557076419567{padding-right: 15px !important;padding-left: 15px !important;}\u00bb] De conformidad con la normativa vigente sobre protecci\u00f3n de datos de car\u00e1cter personal, les informamos que los datos que nos facilite ser\u00e1n recogidos en un fichero propiedad de Ferreter\u00eda BACARISAS, sl con CIF B61001178 domicilio en C \/ Anselm Clav\u00e9, 30 de 08760 Martorell y e mail bacarisas@optimusferreteria.com, con [&hellip;]<\/p>\n","protected":false},"author":1,"featured_media":0,"parent":0,"menu_order":0,"comment_status":"closed","ping_status":"closed","template":"","meta":{"footnotes":""},"class_list":["post-1270","page","type-page","status-publish","hentry"],"aioseo_notices":[],"_links":{"self":[{"href":"https:\/\/bacarisas.com\/es\/wp-json\/wp\/v2\/pages\/1270"}],"collection":[{"href":"https:\/\/bacarisas.com\/es\/wp-json\/wp\/v2\/pages"}],"about":[{"href":"https:\/\/bacarisas.com\/es\/wp-json\/wp\/v2\/types\/page"}],"author":[{"embeddable":true,"href":"https:\/\/bacarisas.com\/es\/wp-json\/wp\/v2\/users\/1"}],"replies":[{"embeddable":true,"href":"https:\/\/bacarisas.com\/es\/wp-json\/wp\/v2\/comments?post=1270"}],"version-history":[{"count":2,"href":"https:\/\/bacarisas.com\/es\/wp-json\/wp\/v2\/pages\/1270\/revisions"}],"predecessor-version":[{"id":1755,"href":"https:\/\/bacarisas.com\/es\/wp-json\/wp\/v2\/pages\/1270\/revisions\/1755"}],"wp:attachment":[{"href":"https:\/\/bacarisas.com\/es\/wp-json\/wp\/v2\/media?parent=1270"}],"curies":[{"name":"wp","href":"https:\/\/api.w.org\/{rel}","templated":true}]}}