{"id":1268,"date":"2018-10-08T20:57:57","date_gmt":"2018-10-08T18:57:57","guid":{"rendered":"https:\/\/bacarisas.com\/politica-de-cookies\/"},"modified":"2019-05-28T19:14:12","modified_gmt":"2019-05-28T17:14:12","slug":"politica-de-cookies","status":"publish","type":"page","link":"https:\/\/bacarisas.com\/es\/politica-de-cookies\/","title":{"rendered":"Pol\u00edtica de cookies"},"content":{"rendered":"[vc_row][vc_column][vc_column_text]<strong>Pol\u00edtica de cookies<\/strong><\/p>\n<p>Las cookies es la informaci\u00f3n almacenada en el dispositivo del usuario por parte de la p\u00e1gina web que se visita a trav\u00e9s del navegador. Las cookies se pueden utilizar para recabar y almacenar datos del usuario mientras est\u00e1 conectado para facilitarle los servicios solicitados y no se suelen conservar (cookies de sesi\u00f3n), o para conservar los datos del usuario para otro tipo de servicios futuros y que se pueden conservar por tiempo indefinido (cookies persistentes). Las cookies pueden ser propias o de terceros.<\/p>\n<p>Existen varios tipos de cookies:<strong>\u00a0<\/strong><\/p>\n<p><strong>Cookies t\u00e9cnicas<\/strong>\u00a0necesarias para el correcto funcionamiento de la p\u00e0gina, facilitan la navegaci\u00f3n del usuario y la utilizaci\u00f3n de las diferentes opciones o servicios que ofrece la web,como identificar la sesi\u00f3n, permitir el acceso a determinadas \u00e1reas, facilitar pedidos, compras, cumplimentaci\u00f3n de formularios, inscripciones, seguridad, facilitar funcionalidades (v\u00eddeos, redes sociales, etc.).<br \/>\n<strong>Cookies de personalizaci\u00f3n<\/strong>\u00a0que permiten al usuario acceder a los servicios seg\u00fan sus preferencias (idioma, navegador, configuraci\u00f3n, etc.).<br \/>\n<strong>Cookies de an\u00e1lisis<\/strong>\u00a0que permiten el an\u00e1lisis del comportamiento de los usuarios de la web y que permiten medir la actividad del usuario y elaborar perfiles de navegaci\u00f3n con el fin objetivo de mejorar los sitios web.<br \/>\n<strong>Cookies publicitarias<\/strong>\u00a0que permiten la gesti\u00f3n de los espacios publicitarios de la web, y pueden ser an\u00f3nimes o personalizadas.<br \/>\n<strong>Cookies de publicidad<\/strong>\u00a0personalizada que permiten la gesti\u00f3n de los espacios publicitarios de la web en base al comportamiento y h\u00e1bitos de navegaci\u00f3n del usuario, de donde se obtiene su perfil y este hecho permite personalizar la publicidad que se muestra en el navegador del usuario.<strong>\u00a0<\/strong><\/p>\n<p><strong>Cookies de geolocalizaci\u00f3n:\u00a0<\/strong>Estas cookies se utilizan para averiguar en qu\u00e9 pa\u00eds o regi\u00f3n se encuentra el usuario que accede a un servicio del sitio web, para poder ofrecer contenidos o servicios adecuados a su localizaci\u00f3n<\/p>\n<p>&nbsp;<\/p>\n<p><strong>Ferreteria Bacarisas <\/strong>\u00fanicamente utiliza cookies t\u00e9cnicas, estrictamente necesarias para la prestaci\u00f3n del Servicio solicitado por el usuario, cookies de rendimiento, de personalizaci\u00f3n y an\u00e1lisis, que en ning\u00fan caso tratan datos de car\u00e1cter personal ni captan h\u00e1bitos de navegaci\u00f3n para fines publicitarios y generalment son an\u00f2nimes.<\/p>\n<p>Tambi\u00e9n existen las cookies gestionadas por terceros que permiten el seguimiento del usuario a trav\u00e9s de otras webs, que no son del titular de esta web. Normalmente se corresponden con cookies de publicidad o anal\u00edticas donde se identifica el usuario de manera \u00fanica y evidente.Ni esta web ni sus representantes legales se hacen responsables ni del contenido ni de la veracidad de las pol\u00edticas de privacidad que puedan tener los terceros mencionados en esta pol\u00edtica de\u00a0cookies. Ni pueden garantizar la correcta o incorrecta manipulaci\u00f3n de las\u00a0cookies\u00a0por parte de los mencionados navegadores.<\/p>\n<p>&nbsp;<\/p>\n<p>Por ello, le informamos que puede activar o desactivar y borrar estas cookies siguiendo las instrucciones de su navegador de Internet. Normalmente puede ajustar estas opciones en los men\u00fas de \u201cOpciones\u201d o \u201cPreferencias\u201d, a continuaci\u00f3n les indicamos algunos ejemplos de navegadores para que le resulte m\u00e1s f\u00e1cil, tenga en cuenta que puede variar seg\u00fan la versi\u00f3n que tenga instalada, por lo que puede consultar la ayuda de su navegador o el soporte t\u00e9cnico pertinente del fabricante para su configuraci\u00f3n:<\/p>\n<p>&nbsp;<\/p>\n<table width=\"650\">\n<tbody>\n<tr>\n<td width=\"85\"><strong>Google Chrome<\/strong><\/td>\n<td width=\"565\">A trav\u00e9s del icono de opciones, Configuraci\u00f3n -&gt; Mostrar opciones avanzadas -&gt; Privacidad -&gt; Configuraci\u00f3n de contenido.<\/p>\n<p><a href=\"http:\/\/support.google.com\/chrome\/bin\/answer.py?hl=es&amp;answer=95647\">http:\/\/support.google.com\/chrome\/bin\/answer.py?hl=es&amp;answer=95647<\/a><\/td>\n<\/tr>\n<tr>\n<td width=\"85\"><strong>Internet Explorer<\/strong><\/td>\n<td width=\"565\">Herramientas -&gt; Opciones de Internet -&gt; Privacidad -&gt; Configuraci\u00f3n.<br \/>\n<a href=\"http:\/\/support.microsoft.com\/es-es\/help\/17442\/windows-internet-explorer-delete-manage-cookies\">http:\/\/support.microsoft.com\/es-es\/help\/17442\/windows-internet-explorer-delete-manage-cookies<\/a><\/td>\n<\/tr>\n<tr>\n<td width=\"85\"><strong>Mozilla Firefox<\/strong><\/td>\n<td width=\"565\">Herramientas -&gt; Opciones -&gt; Privacidad -&gt; Historial -&gt; Configuraci\u00f3n Personalizada.<\/p>\n<p><a href=\"http:\/\/support.mozilla.org\/es\/kb\/habilitar-y-deshabilitar-cookies-que-los-sitios-we\">http:\/\/support.mozilla.org\/es\/kb\/habilitar-y-deshabilitar-cookies-que-los-sitios-we<\/a><\/td>\n<\/tr>\n<tr>\n<td width=\"85\"><strong>Apple Safari<\/strong><\/td>\n<td width=\"565\">Preferencias -&gt; Seguridad.<\/p>\n<p><a href=\"http:\/\/support.apple.com\/kb\/ph5042\">http:\/\/support.apple.com\/kb\/ph5042<\/a><\/td>\n<\/tr>\n<\/tbody>\n<\/table>\n<p>&nbsp;<\/p>\n<p>Una vez le\u00edda toda la informaci\u00f3n facilitada, avisamos al usuario que,\u00a0<strong><em>si prosigue su navegaci\u00f3n en nuestro sitio web, sin haber tomado las medidas oportunas de personalizaci\u00f3n de sus navegadores, para impedir la instalaci\u00f3n de las cookies<\/em><\/strong><em>\u00a0empleadas por el mismo<\/em>, en los t\u00e9rminos incluidos en el art\u00edculo 22.2 de la Ley 34\/2002 de Servicios de la Sociedad de la Informaci\u00f3n y Comercio Electr\u00f3nico, seg\u00fan la redacci\u00f3n del mismo dada por el RD 13\/2012 de 30 de marzo, por el cual se trasponen directivas en materia de mercados interiores de electricidad y gas y en materia de comunicaciones electr\u00f3nicas, estar\u00e1 prestando su consentimiento para la utilizaci\u00f3n de estos mecanismos.[\/vc_column_text][\/vc_column][\/vc_row]\n","protected":false},"excerpt":{"rendered":"<p>[vc_row][vc_column][vc_column_text]Pol\u00edtica de cookies Las cookies es la informaci\u00f3n almacenada en el dispositivo del usuario por parte de la p\u00e1gina web que se visita a trav\u00e9s del navegador. Las cookies se pueden utilizar para recabar y almacenar datos del usuario mientras est\u00e1 conectado para facilitarle los servicios solicitados y no se suelen conservar (cookies de sesi\u00f3n), [&hellip;]<\/p>\n","protected":false},"author":1,"featured_media":0,"parent":0,"menu_order":0,"comment_status":"closed","ping_status":"closed","template":"","meta":{"footnotes":""},"class_list":["post-1268","page","type-page","status-publish","hentry"],"aioseo_notices":[],"_links":{"self":[{"href":"https:\/\/bacarisas.com\/es\/wp-json\/wp\/v2\/pages\/1268"}],"collection":[{"href":"https:\/\/bacarisas.com\/es\/wp-json\/wp\/v2\/pages"}],"about":[{"href":"https:\/\/bacarisas.com\/es\/wp-json\/wp\/v2\/types\/page"}],"author":[{"embeddable":true,"href":"https:\/\/bacarisas.com\/es\/wp-json\/wp\/v2\/users\/1"}],"replies":[{"embeddable":true,"href":"https:\/\/bacarisas.com\/es\/wp-json\/wp\/v2\/comments?post=1268"}],"version-history":[{"count":2,"href":"https:\/\/bacarisas.com\/es\/wp-json\/wp\/v2\/pages\/1268\/revisions"}],"predecessor-version":[{"id":1989,"href":"https:\/\/bacarisas.com\/es\/wp-json\/wp\/v2\/pages\/1268\/revisions\/1989"}],"wp:attachment":[{"href":"https:\/\/bacarisas.com\/es\/wp-json\/wp\/v2\/media?parent=1268"}],"curies":[{"name":"wp","href":"https:\/\/api.w.org\/{rel}","templated":true}]}}