{"id":1260,"date":"2018-08-16T18:04:12","date_gmt":"2018-08-16T16:04:12","guid":{"rendered":"https:\/\/bacarisas.com\/la-nostra-historia\/"},"modified":"2019-04-04T11:21:23","modified_gmt":"2019-04-04T09:21:23","slug":"nuestra-historia","status":"publish","type":"page","link":"https:\/\/bacarisas.com\/es\/nuestra-historia\/","title":{"rendered":"Nuestra historia"},"content":{"rendered":"[vc_row padding_top=\u00bb0&#8243; padding_bottom=\u00bb0&#8243;][vc_column width=\u00bb1\/2&#8243;][vc_video link=\u00bbhttps:\/\/www.youtube.com\/watch?v=P6dTFRPH8_o\u00bb align=\u00bbcenter\u00bb][\/vc_column][vc_column width=\u00bb1\/2&#8243;][vc_column_text]\n<p style=\"text-align: justify; padding: 0 15px;\">La historia de este establecimiento se remonta hacia el a\u00f1o 1748, cuando Miguel Esplugas Crist\u00f2fol hac\u00eda de herrero en la calle de la Fuente (ahora Anselm Clav\u00e9) de Martorell, y pronto se le conocer\u00eda con el alias de \u00abFerreret\u00bb.<\/p>\n<p style=\"text-align: justify; padding: 0 15px;\">Durante el siglo XIX, en el taller se forjaron barandillas, rejas y otros elementos para vestir las fachadas de un Martorell en expansi\u00f3n, que viv\u00eda todav\u00eda mayoritariamente del campo, por lo que se vend\u00eda herramientas para trabajarlo y tambi\u00e9n se hac\u00edan norias, prensas y otras m\u00e1quinas para la elaboraci\u00f3n del vino.<\/p>\n<p style=\"text-align: justify; padding: 0 15px;\">Los tiempos fueron cambiando y la producci\u00f3n en serie represent\u00f3 un lento pero importante per\u00edodo de transformaci\u00f3n. Se fue alternando el trabajo de la forja con el comercio de art\u00edculos del mismo sector ya fabricados industrialmente (bisagras, enrejados, alambre, clavos, tornillos, estufas &#8230;) y ampli\u00e1ndolo a otros como utensilios para la hogar (cubos, ollas, etc.).<\/p>\n[\/vc_column_text][\/vc_column][\/vc_row][vc_row padding_top=\u00bb0&#8243; padding_bottom=\u00bb0&#8243;][vc_column][vc_column_text]\n<p style=\"text-align: justify; padding: 0 15px;\">Unas generaciones m\u00e1s tarde, en la primera d\u00e9cada del s. XX, Antoni Bacarisas, tambi\u00e9n herrero, entr\u00f3 a trabajar en el taller de su suegro, Rossend Esplugas, dando as\u00ed continuidad al negocio. La Guerra Civil signific\u00f3 el fin definitivo del trabajo de taller: la muerte de Antoni Bacarisas y la ausencia de su hijo Isidro determinaron que el negocio quedara temporalmente en manos de las mujeres de la familia y se convirtiera definitivamente en tienda.<\/p>\n<p style=\"text-align: justify; padding: 0 15px;\">Unos a\u00f1os m\u00e1s tarde, Isidro Bacarisas Esplugas se reincorpor\u00f3 al negocio familiar de la misma manera que lo fueron haciendo progresivamente su mujer e hijas. Y, con los a\u00f1os, se fue especializando en el nuevo concepto de ferreter\u00eda, que ir\u00eda tomando un car\u00e1cter m\u00e1s industrial con la instalaci\u00f3n de grandes empresas y las primeras multinacionales en Martorell.<\/p>\n<p style=\"text-align: justify; padding: 0 15px;\">Mirando hacia el futuro, en los a\u00f1os 60 form\u00f3 parte activa de las incipientes asociaciones del sector y fue socio fundador del grupo de compra CIFEC (Cooperativa Industrial de Ferreteros de Catalu\u00f1a, hoy ampliada y convertida en OPTIMUS).<\/p>\n<p style=\"text-align: justify; padding: 0 15px;\">Como su abuelo, a finales de los a\u00f1os 60 cont\u00f3 con la incorporaci\u00f3n a la empresa de su yerno, que se convirti\u00f3 en el nuevo puntal del negocio. Y paralelamente a la evoluci\u00f3n del mercado, a la aparici\u00f3n de nuevos art\u00edculos y al crecimiento demogr\u00e1fico e industrial de la poblaci\u00f3n, fue haciendo ampliaciones para adecuarse a los nuevos tiempos: los a\u00f1os 70 se duplic\u00f3 la superficie de exposici\u00f3n y venta con el local contiguo; en los a\u00f1os 80, con un nuevo almac\u00e9n de varias plantas, m\u00e1s personal y un servicio de transporte propio, y en los a\u00f1os 90, con un aparcamiento para los clientes y nuevos servicios.<\/p>\n<p style=\"text-align: justify; padding: 0 15px;\">Con la incorporaci\u00f3n de la \u00faltima generaci\u00f3n, y para encarar el nuevo milenio, se hizo el salto hacia la informatizaci\u00f3n del negocio (codificaci\u00f3n y control de stocks de todos los art\u00edculos, uso del c\u00f3digo EAN, albaranes informatizados, facturaci\u00f3n electr\u00f3nica) y mejoras en la comunicaci\u00f3n con los clientes: el uso de Internet, la presencia en las redes sociales como Facebook\u00a0 e instagram y en la web de la central de compras CIFEC-OPTIMUS, los mailings, el uso de WhatsApp, etc.<\/p>\n<p style=\"text-align: justify; padding: 0 15px;\">A pesar de haber transcurrido m\u00e1s de 270 a\u00f1os, se ha mantenido la ubicaci\u00f3n inicial, sin dejar de estar al d\u00eda, y se contin\u00faa dando soluciones a los clientes como se ha hecho siempre.<\/p>\n[\/vc_column_text][\/vc_column][\/vc_row]\n","protected":false},"excerpt":{"rendered":"<p>[vc_row padding_top=\u00bb0&#8243; padding_bottom=\u00bb0&#8243;][vc_column width=\u00bb1\/2&#8243;][vc_video link=\u00bbhttps:\/\/www.youtube.com\/watch?v=P6dTFRPH8_o\u00bb align=\u00bbcenter\u00bb][\/vc_column][vc_column width=\u00bb1\/2&#8243;][vc_column_text] La historia de este establecimiento se remonta hacia el a\u00f1o 1748, cuando Miguel Esplugas Crist\u00f2fol hac\u00eda de herrero en la calle de la Fuente (ahora Anselm Clav\u00e9) de Martorell, y pronto se le conocer\u00eda con el alias de \u00abFerreret\u00bb. Durante el siglo XIX, en el taller se forjaron [&hellip;]<\/p>\n","protected":false},"author":1,"featured_media":0,"parent":0,"menu_order":0,"comment_status":"closed","ping_status":"closed","template":"","meta":{"footnotes":""},"class_list":["post-1260","page","type-page","status-publish","hentry"],"aioseo_notices":[],"_links":{"self":[{"href":"https:\/\/bacarisas.com\/es\/wp-json\/wp\/v2\/pages\/1260"}],"collection":[{"href":"https:\/\/bacarisas.com\/es\/wp-json\/wp\/v2\/pages"}],"about":[{"href":"https:\/\/bacarisas.com\/es\/wp-json\/wp\/v2\/types\/page"}],"author":[{"embeddable":true,"href":"https:\/\/bacarisas.com\/es\/wp-json\/wp\/v2\/users\/1"}],"replies":[{"embeddable":true,"href":"https:\/\/bacarisas.com\/es\/wp-json\/wp\/v2\/comments?post=1260"}],"version-history":[{"count":8,"href":"https:\/\/bacarisas.com\/es\/wp-json\/wp\/v2\/pages\/1260\/revisions"}],"predecessor-version":[{"id":1529,"href":"https:\/\/bacarisas.com\/es\/wp-json\/wp\/v2\/pages\/1260\/revisions\/1529"}],"wp:attachment":[{"href":"https:\/\/bacarisas.com\/es\/wp-json\/wp\/v2\/media?parent=1260"}],"curies":[{"name":"wp","href":"https:\/\/api.w.org\/{rel}","templated":true}]}}